{"id":3828,"date":"2022-02-22T05:25:14","date_gmt":"2022-02-22T10:25:14","guid":{"rendered":"https:\/\/www.koloss-mitte.de\/?page_id=3828"},"modified":"2022-02-23T06:27:51","modified_gmt":"2022-02-23T11:27:51","slug":"shuttleservice-fur-kinder","status":"publish","type":"page","link":"https:\/\/www.koloss-mitte.de\/?page_id=3828","title":{"rendered":"Shuttleservice f\u00fcr Kinder"},"content":{"rendered":"\t\t<div data-elementor-type=\"wp-page\" data-elementor-id=\"3828\" class=\"elementor elementor-3828\" data-elementor-settings=\"[]\">\n\t\t\t\t\t\t\t<div class=\"elementor-section-wrap\">\n\t\t\t\t\t\t\t<section class=\"elementor-section elementor-top-section elementor-element elementor-element-509d875f elementor-section-content-middle elementor-section-boxed elementor-section-height-default elementor-section-height-default\" data-id=\"509d875f\" data-element_type=\"section\" data-settings=\"{&quot;background_background&quot;:&quot;classic&quot;}\">\n\t\t\t\t\t\t<div class=\"elementor-container elementor-column-gap-default\">\n\t\t\t\t\t<div class=\"elementor-column elementor-col-100 elementor-top-column elementor-element elementor-element-2a05d6cf\" data-id=\"2a05d6cf\" data-element_type=\"column\">\n\t\t\t<div class=\"elementor-widget-wrap elementor-element-populated\">\n\t\t\t\t\t\t\t\t<section class=\"elementor-section elementor-inner-section elementor-element elementor-element-d3a6168 elementor-section-boxed elementor-section-height-default elementor-section-height-default\" data-id=\"d3a6168\" data-element_type=\"section\">\n\t\t\t\t\t\t<div class=\"elementor-container elementor-column-gap-default\">\n\t\t\t\t\t<div class=\"elementor-column elementor-col-100 elementor-inner-column elementor-element elementor-element-1b32cec7\" data-id=\"1b32cec7\" data-element_type=\"column\">\n\t\t\t<div class=\"elementor-widget-wrap elementor-element-populated\">\n\t\t\t\t\t\t\t\t<div class=\"elementor-element elementor-element-cde7d02 elementor-widget elementor-widget-spacer\" data-id=\"cde7d02\" data-element_type=\"widget\" data-widget_type=\"spacer.default\">\n\t\t\t\t<div class=\"elementor-widget-container\">\n\t\t\t\t\t<div class=\"elementor-spacer\">\n\t\t\t<div class=\"elementor-spacer-inner\"><\/div>\n\t\t<\/div>\n\t\t\t\t<\/div>\n\t\t\t\t<\/div>\n\t\t\t\t<div class=\"elementor-element elementor-element-75ef4a1 elementor-widget elementor-widget-text-editor\" data-id=\"75ef4a1\" data-element_type=\"widget\" data-widget_type=\"text-editor.default\">\n\t\t\t\t<div class=\"elementor-widget-container\">\n\t\t\t<style>\/*! elementor - v3.5.5 - 03-02-2022 *\/\n.elementor-widget-text-editor.elementor-drop-cap-view-stacked .elementor-drop-cap{background-color:#818a91;color:#fff}.elementor-widget-text-editor.elementor-drop-cap-view-framed .elementor-drop-cap{color:#818a91;border:3px solid;background-color:transparent}.elementor-widget-text-editor:not(.elementor-drop-cap-view-default) .elementor-drop-cap{margin-top:8px}.elementor-widget-text-editor:not(.elementor-drop-cap-view-default) .elementor-drop-cap-letter{width:1em;height:1em}.elementor-widget-text-editor .elementor-drop-cap{float:left;text-align:center;line-height:1;font-size:50px}.elementor-widget-text-editor .elementor-drop-cap-letter{display:inline-block}<\/style>\t\t\t\tIn heutigen Zeiten ist es wichtig, dass Ihre Kinder sicher zur Schule, Musik- oder Sportunterricht und all den anderen Freizeitaktivit\u00e4ten gelangen, ohne dass Sie sich sorgen m\u00fcssen. Auch ist es manchmal schwer, Ihren beruflichen Alltag und Kinder unter einen Hut zu bekommen. Wir helfen Ihnen dabei gern weiter und stellen Ihrer Familie unsere vertrauensvollen Fahrer zur Seite, welche zu jeder Zeit f\u00fcr Sie da sind.\n<BR><BR>\nLassen Sie sich gern von uns beraten unter <a href=\"mailto:r.pokrifke@koloss-mitte.de\">r.pokrifke@koloss-mitte.de<\/a>\n<BR><BR>\nWir bitten um Verst\u00e4ndnis, dass wir auf dieser Plattform keinerlei Informationen zu unseren Fahrzeugen, Fahrern oder Methoden preisgeben k\u00f6nnen. In einem Beratungsgespr\u00e4ch erstellen wir Ihnen gern ein Konzept, welches genau auf die Bed\u00fcrfnisse von Ihnen oder Ihrer Familie zugeschnitten wird.\t\t\t\t\t\t<\/div>\n\t\t\t\t<\/div>\n\t\t\t\t<div class=\"elementor-element elementor-element-229ad6a6 elementor-widget-divider--view-line elementor-widget elementor-widget-divider\" data-id=\"229ad6a6\" data-element_type=\"widget\" data-widget_type=\"divider.default\">\n\t\t\t\t<div class=\"elementor-widget-container\">\n\t\t\t<style>\/*! elementor - v3.5.5 - 03-02-2022 *\/\n.elementor-widget-divider{--divider-border-style:none;--divider-border-width:1px;--divider-color:#2c2c2c;--divider-icon-size:20px;--divider-element-spacing:10px;--divider-pattern-height:24px;--divider-pattern-size:20px;--divider-pattern-url:none;--divider-pattern-repeat:repeat-x}.elementor-widget-divider .elementor-divider{display:-webkit-box;display:-ms-flexbox;display:flex}.elementor-widget-divider .elementor-divider__text{font-size:15px;line-height:1;max-width:95%}.elementor-widget-divider .elementor-divider__element{margin:0 var(--divider-element-spacing);-ms-flex-negative:0;flex-shrink:0}.elementor-widget-divider .elementor-icon{font-size:var(--divider-icon-size)}.elementor-widget-divider .elementor-divider-separator{display:-webkit-box;display:-ms-flexbox;display:flex;margin:0;direction:ltr}.elementor-widget-divider--view-line_icon .elementor-divider-separator,.elementor-widget-divider--view-line_text .elementor-divider-separator{-webkit-box-align:center;-ms-flex-align:center;align-items:center}.elementor-widget-divider--view-line_icon .elementor-divider-separator:after,.elementor-widget-divider--view-line_icon .elementor-divider-separator:before,.elementor-widget-divider--view-line_text .elementor-divider-separator:after,.elementor-widget-divider--view-line_text .elementor-divider-separator:before{display:block;content:\"\";border-bottom:0;-webkit-box-flex:1;-ms-flex-positive:1;flex-grow:1;border-top:var(--divider-border-width) var(--divider-border-style) var(--divider-color)}.elementor-widget-divider--element-align-left .elementor-divider .elementor-divider-separator>.elementor-divider__svg:first-of-type{-webkit-box-flex:0;-ms-flex-positive:0;flex-grow:0;-ms-flex-negative:100;flex-shrink:100}.elementor-widget-divider--element-align-left .elementor-divider-separator:before{content:none}.elementor-widget-divider--element-align-left .elementor-divider__element{margin-left:0}.elementor-widget-divider--element-align-right .elementor-divider .elementor-divider-separator>.elementor-divider__svg:last-of-type{-webkit-box-flex:0;-ms-flex-positive:0;flex-grow:0;-ms-flex-negative:100;flex-shrink:100}.elementor-widget-divider--element-align-right .elementor-divider-separator:after{content:none}.elementor-widget-divider--element-align-right .elementor-divider__element{margin-right:0}.elementor-widget-divider:not(.elementor-widget-divider--view-line_text):not(.elementor-widget-divider--view-line_icon) .elementor-divider-separator{border-top:var(--divider-border-width) var(--divider-border-style) var(--divider-color)}.elementor-widget-divider--separator-type-pattern{--divider-border-style:none}.elementor-widget-divider--separator-type-pattern.elementor-widget-divider--view-line .elementor-divider-separator,.elementor-widget-divider--separator-type-pattern:not(.elementor-widget-divider--view-line) .elementor-divider-separator:after,.elementor-widget-divider--separator-type-pattern:not(.elementor-widget-divider--view-line) .elementor-divider-separator:before,.elementor-widget-divider--separator-type-pattern:not([class*=elementor-widget-divider--view]) .elementor-divider-separator{width:100%;min-height:var(--divider-pattern-height);-webkit-mask-size:var(--divider-pattern-size) 100%;mask-size:var(--divider-pattern-size) 100%;-webkit-mask-repeat:var(--divider-pattern-repeat);mask-repeat:var(--divider-pattern-repeat);background-color:var(--divider-color);-webkit-mask-image:var(--divider-pattern-url);mask-image:var(--divider-pattern-url)}.elementor-widget-divider--no-spacing{--divider-pattern-size:auto}.elementor-widget-divider--bg-round{--divider-pattern-repeat:round}.rtl .elementor-widget-divider .elementor-divider__text{direction:rtl}<\/style>\t\t<div class=\"elementor-divider\">\n\t\t\t<span class=\"elementor-divider-separator\">\n\t\t\t\t\t\t<\/span>\n\t\t<\/div>\n\t\t\t\t<\/div>\n\t\t\t\t<\/div>\n\t\t\t\t\t<\/div>\n\t\t<\/div>\n\t\t\t\t\t\t\t<\/div>\n\t\t<\/section>\n\t\t\t\t<section class=\"elementor-section elementor-inner-section elementor-element elementor-element-6ac36d23 elementor-section-boxed elementor-section-height-default elementor-section-height-default\" data-id=\"6ac36d23\" data-element_type=\"section\">\n\t\t\t\t\t\t<div class=\"elementor-container elementor-column-gap-default\">\n\t\t\t\t\t<div class=\"elementor-column elementor-col-33 elementor-inner-column elementor-element elementor-element-39c50db3\" data-id=\"39c50db3\" data-element_type=\"column\">\n\t\t\t<div class=\"elementor-widget-wrap elementor-element-populated\">\n\t\t\t\t\t\t\t\t<div class=\"elementor-element elementor-element-799987a4 elementor-widget elementor-widget-image\" data-id=\"799987a4\" data-element_type=\"widget\" data-widget_type=\"image.default\">\n\t\t\t\t<div class=\"elementor-widget-container\">\n\t\t\t<style>\/*! elementor - v3.5.5 - 03-02-2022 *\/\n.elementor-widget-image{text-align:center}.elementor-widget-image a{display:inline-block}.elementor-widget-image a img[src$=\".svg\"]{width:48px}.elementor-widget-image img{vertical-align:middle;display:inline-block}<\/style>\t\t\t\t\t\t\t\t\t\t\t\t\t<a href=\"https:\/\/www.koloss-mitte.de\/wp-content\/uploads\/2022\/02\/DSC8010-3a-scaled.jpg\" data-elementor-open-lightbox=\"yes\" data-elementor-lightbox-title=\"_DSC8010-3a\">\n\t\t\t\t\t\t\t<img decoding=\"async\" src=\"https:\/\/www.koloss-mitte.de\/wp-content\/uploads\/elementor\/thumbs\/DSC8010-3a-scaled-pkvx4f5qi1yjfhuv8y8sffxcscsilkg2854lb4iy5s.jpg\" title=\"_DSC8010-3a\" alt=\"_DSC8010-3a\" \/>\t\t\t\t\t\t\t\t<\/a>\n\t\t\t\t\t\t\t\t\t\t\t\t\t\t\t<\/div>\n\t\t\t\t<\/div>\n\t\t\t\t\t<\/div>\n\t\t<\/div>\n\t\t\t\t<div class=\"elementor-column elementor-col-33 elementor-inner-column elementor-element elementor-element-3d101c7\" data-id=\"3d101c7\" data-element_type=\"column\">\n\t\t\t<div class=\"elementor-widget-wrap elementor-element-populated\">\n\t\t\t\t\t\t\t\t<div class=\"elementor-element elementor-element-29684e7 elementor-widget elementor-widget-image\" data-id=\"29684e7\" data-element_type=\"widget\" data-widget_type=\"image.default\">\n\t\t\t\t<div class=\"elementor-widget-container\">\n\t\t\t\t\t\t\t\t\t\t\t\t\t\t\t\t<a href=\"https:\/\/www.koloss-mitte.de\/wp-content\/uploads\/2022\/02\/DSC7977a-4-scaled.jpg\" data-elementor-open-lightbox=\"yes\" data-elementor-lightbox-title=\"_DSC7977a\">\n\t\t\t\t\t\t\t<img decoding=\"async\" src=\"https:\/\/www.koloss-mitte.de\/wp-content\/uploads\/elementor\/thumbs\/DSC7977a-4-scaled-pkvx5lgh1lkfxy5fdyj01n93ip017y3zdyhfwks8ds.jpg\" title=\"_DSC7977a\" alt=\"_DSC7977a\" \/>\t\t\t\t\t\t\t\t<\/a>\n\t\t\t\t\t\t\t\t\t\t\t\t\t\t\t<\/div>\n\t\t\t\t<\/div>\n\t\t\t\t\t<\/div>\n\t\t<\/div>\n\t\t\t\t<div class=\"elementor-column elementor-col-33 elementor-inner-column elementor-element elementor-element-1f059de0\" data-id=\"1f059de0\" data-element_type=\"column\">\n\t\t\t<div class=\"elementor-widget-wrap elementor-element-populated\">\n\t\t\t\t\t\t\t\t<div class=\"elementor-element elementor-element-39b4ada elementor-widget elementor-widget-image\" data-id=\"39b4ada\" data-element_type=\"widget\" data-widget_type=\"image.default\">\n\t\t\t\t<div class=\"elementor-widget-container\">\n\t\t\t\t\t\t\t\t\t\t\t\t\t\t\t\t<a href=\"https:\/\/www.koloss-mitte.de\/wp-content\/uploads\/2022\/02\/DSC7427.jpg\" data-elementor-open-lightbox=\"yes\" data-elementor-lightbox-title=\"_DSC7427\">\n\t\t\t\t\t\t\t<img decoding=\"async\" src=\"https:\/\/www.koloss-mitte.de\/wp-content\/uploads\/elementor\/thumbs\/DSC7427-pkvx6hezhys6wov07ccbef6rpsmihnmuucny7zgui8.jpg\" title=\"_DSC7427\" alt=\"_DSC7427\" \/>\t\t\t\t\t\t\t\t<\/a>\n\t\t\t\t\t\t\t\t\t\t\t\t\t\t\t<\/div>\n\t\t\t\t<\/div>\n\t\t\t\t\t<\/div>\n\t\t<\/div>\n\t\t\t\t\t\t\t<\/div>\n\t\t<\/section>\n\t\t\t\t<section class=\"elementor-section elementor-inner-section elementor-element elementor-element-044cb19 elementor-section-boxed elementor-section-height-default elementor-section-height-default\" data-id=\"044cb19\" data-element_type=\"section\">\n\t\t\t\t\t\t<div class=\"elementor-container elementor-column-gap-default\">\n\t\t\t\t\t<div class=\"elementor-column elementor-col-33 elementor-inner-column elementor-element elementor-element-69705a6\" data-id=\"69705a6\" data-element_type=\"column\">\n\t\t\t<div class=\"elementor-widget-wrap elementor-element-populated\">\n\t\t\t\t\t\t\t\t<div class=\"elementor-element elementor-element-a2b54d9 elementor-widget elementor-widget-image\" data-id=\"a2b54d9\" data-element_type=\"widget\" data-widget_type=\"image.default\">\n\t\t\t\t<div class=\"elementor-widget-container\">\n\t\t\t\t\t\t\t\t\t\t\t\t\t\t\t\t<a href=\"https:\/\/www.koloss-mitte.de\/wp-content\/uploads\/2022\/02\/DSC6957a-3-scaled.jpg\" data-elementor-open-lightbox=\"yes\" data-elementor-lightbox-title=\"_DSC6957a\">\n\t\t\t\t\t\t\t<img decoding=\"async\" src=\"https:\/\/www.koloss-mitte.de\/wp-content\/uploads\/elementor\/thumbs\/DSC6957a-3-scaled-pkvx83oz9ozywiicr1j6p0hcjon9qw27qd41z52fsg.jpg\" title=\"_DSC6957a\" alt=\"_DSC6957a\" \/>\t\t\t\t\t\t\t\t<\/a>\n\t\t\t\t\t\t\t\t\t\t\t\t\t\t\t<\/div>\n\t\t\t\t<\/div>\n\t\t\t\t\t<\/div>\n\t\t<\/div>\n\t\t\t\t<div class=\"elementor-column elementor-col-33 elementor-inner-column elementor-element elementor-element-7abb656\" data-id=\"7abb656\" data-element_type=\"column\">\n\t\t\t<div class=\"elementor-widget-wrap elementor-element-populated\">\n\t\t\t\t\t\t\t\t<div class=\"elementor-element elementor-element-a8a4d6e elementor-widget elementor-widget-image\" data-id=\"a8a4d6e\" data-element_type=\"widget\" data-widget_type=\"image.default\">\n\t\t\t\t<div class=\"elementor-widget-container\">\n\t\t\t\t\t\t\t\t\t\t\t\t\t\t\t\t<a href=\"https:\/\/www.koloss-mitte.de\/wp-content\/uploads\/2022\/02\/DSC7705a-scaled.jpg\" data-elementor-open-lightbox=\"yes\" data-elementor-lightbox-title=\"_DSC7705a\">\n\t\t\t\t\t\t\t<img decoding=\"async\" src=\"https:\/\/www.koloss-mitte.de\/wp-content\/uploads\/elementor\/thumbs\/DSC7705a-scaled-pkvxay5dymw820dj4rtiqsmlaoma1wcygg7zaauiy8.jpg\" title=\"_DSC7705a\" alt=\"_DSC7705a\" \/>\t\t\t\t\t\t\t\t<\/a>\n\t\t\t\t\t\t\t\t\t\t\t\t\t\t\t<\/div>\n\t\t\t\t<\/div>\n\t\t\t\t\t<\/div>\n\t\t<\/div>\n\t\t\t\t<div class=\"elementor-column elementor-col-33 elementor-inner-column elementor-element elementor-element-8faaecb\" data-id=\"8faaecb\" data-element_type=\"column\">\n\t\t\t<div class=\"elementor-widget-wrap elementor-element-populated\">\n\t\t\t\t\t\t\t\t<div class=\"elementor-element elementor-element-c7e16fc elementor-widget elementor-widget-image\" data-id=\"c7e16fc\" data-element_type=\"widget\" data-widget_type=\"image.default\">\n\t\t\t\t<div class=\"elementor-widget-container\">\n\t\t\t\t\t\t\t\t\t\t\t\t\t\t\t\t<a href=\"https:\/\/www.koloss-mitte.de\/wp-content\/uploads\/2022\/02\/DSC8010-3a-1-scaled.jpg\" data-elementor-open-lightbox=\"yes\" data-elementor-lightbox-title=\"_DSC8010-3a\">\n\t\t\t\t\t\t\t<img decoding=\"async\" src=\"https:\/\/www.koloss-mitte.de\/wp-content\/uploads\/elementor\/thumbs\/DSC8010-3a-1-scaled-pkvxcduieiuzskafqw601xkxyvjgt926zk3ooipvg0.jpg\" title=\"_DSC8010-3a\" alt=\"_DSC8010-3a\" \/>\t\t\t\t\t\t\t\t<\/a>\n\t\t\t\t\t\t\t\t\t\t\t\t\t\t\t<\/div>\n\t\t\t\t<\/div>\n\t\t\t\t\t<\/div>\n\t\t<\/div>\n\t\t\t\t\t\t\t<\/div>\n\t\t<\/section>\n\t\t\t\t\t<\/div>\n\t\t<\/div>\n\t\t\t\t\t\t\t<\/div>\n\t\t<\/section>\n\t\t\t\t\t\t<\/div>\n\t\t\t\t\t<\/div>\n\t\t","protected":false},"excerpt":{"rendered":"<p>In heutigen Zeiten ist es wichtig, dass Ihre Kinder sicher zur Schule, Musik- oder Sportunterricht und all den anderen Freizeitaktivit\u00e4ten gelangen, ohne dass Sie sich sorgen m\u00fcssen. Auch ist es manchmal schwer, Ihren beruflichen Alltag und Kinder unter einen Hut zu bekommen. Wir helfen Ihnen dabei gern weiter und stellen Ihrer Familie unsere vertrauensvollen Fahrer &hellip;<\/p>\n<p class=\"read-more\"> <a class=\"\" href=\"https:\/\/www.koloss-mitte.de\/?page_id=3828\"> <span class=\"screen-reader-text\">Shuttleservice f\u00fcr Kinder<\/span> Read More &raquo;<\/a><\/p>\n","protected":false},"author":1,"featured_media":0,"parent":0,"menu_order":0,"comment_status":"closed","ping_status":"closed","template":"","meta":{"site-sidebar-layout":"no-sidebar","site-content-layout":"page-builder","ast-main-header-display":"","ast-hfb-above-header-display":"","ast-hfb-below-header-display":"","ast-hfb-mobile-header-display":"","site-post-title":"disabled","ast-breadcrumbs-content":"","ast-featured-img":"disabled","footer-sml-layout":"","theme-transparent-header-meta":"","adv-header-id-meta":"","stick-header-meta":"","header-above-stick-meta":"","header-main-stick-meta":"","header-below-stick-meta":"","footnotes":""},"class_list":["post-3828","page","type-page","status-publish","hentry"],"_links":{"self":[{"href":"https:\/\/www.koloss-mitte.de\/index.php?rest_route=\/wp\/v2\/pages\/3828","targetHints":{"allow":["GET"]}}],"collection":[{"href":"https:\/\/www.koloss-mitte.de\/index.php?rest_route=\/wp\/v2\/pages"}],"about":[{"href":"https:\/\/www.koloss-mitte.de\/index.php?rest_route=\/wp\/v2\/types\/page"}],"author":[{"embeddable":true,"href":"https:\/\/www.koloss-mitte.de\/index.php?rest_route=\/wp\/v2\/users\/1"}],"replies":[{"embeddable":true,"href":"https:\/\/www.koloss-mitte.de\/index.php?rest_route=%2Fwp%2Fv2%2Fcomments&post=3828"}],"version-history":[{"count":25,"href":"https:\/\/www.koloss-mitte.de\/index.php?rest_route=\/wp\/v2\/pages\/3828\/revisions"}],"predecessor-version":[{"id":4328,"href":"https:\/\/www.koloss-mitte.de\/index.php?rest_route=\/wp\/v2\/pages\/3828\/revisions\/4328"}],"wp:attachment":[{"href":"https:\/\/www.koloss-mitte.de\/index.php?rest_route=%2Fwp%2Fv2%2Fmedia&parent=3828"}],"curies":[{"name":"wp","href":"https:\/\/api.w.org\/{rel}","templated":true}]}}